{"id":86,"date":"2020-01-15T09:40:21","date_gmt":"2020-01-15T08:40:21","guid":{"rendered":"http:\/\/cerc-bfc.fr\/?page_id=86"},"modified":"2020-01-16T12:43:48","modified_gmt":"2020-01-16T11:43:48","slug":"le-gie-reseau-des-cerc","status":"publish","type":"page","link":"https:\/\/cerc-bfc.fr\/index.php\/le-gie-reseau-des-cerc\/","title":{"rendered":"LE GIE R\u00c9SEAU DES CERC"},"content":{"rendered":"\n<h3 class=\"wp-block-heading\">Un r\u00e9seau&nbsp;pr\u00e9sent sur tout le territoire<\/h3>\n\n\n\n<p>Les CERC, <strong>Observatoires r\u00e9gionaux de la fili\u00e8re Construction<\/strong>,&nbsp;produisent de l\u2019aide \u00e0 la d\u00e9cision pour un partenariat large d\u2019acteurs locaux : actualit\u00e9, analyse, suivi des march\u00e9s, prospective, veille \u00e9conomique, mesure de l\u2019impact des politiques publiques\u2026<\/p>\n\n\n\n<p><strong>Un cadre national,<\/strong> la&nbsp;<a href=\"http:\/\/www.cerc-actu.com\/upload\/open_document.php?idD=13fe9d84310e77f13a6d184dbf1232f3\">charte des CERC 2012-2018<\/a>&#8230;&nbsp;La strat\u00e9gie du r\u00e9seau permet de disposer, au travers des CERC, d\u2019une v\u00e9ritable vision \u00e0 long terme de la fili\u00e8re Construction, au plan national comme local en assurant la coh\u00e9rence entre les \u00e9chelons<\/p>\n\n\n\n<p><strong>Un principe\u2026<\/strong>&nbsp;Le respect absolu de l\u2019expertise locale<\/p>\n\n\n\n<p><strong>Un leitmotiv commun\u2026<\/strong>&nbsp;Travailler de concert afin d\u2019agr\u00e9ger toute la richesse des expertises locales et disposer d\u2019analyse de qualit\u00e9, quel que soit la th\u00e9matique ou l\u2019\u00e9chelon territorial \u00e9tudi\u00e9 <\/p>\n\n\n\n<p><strong>Pour plus d&rsquo;informations<\/strong> sur le GIE et les diff\u00e9rentes CERC et leurs productions, rendez vous sur le site du <a href=\"http:\/\/www.cerc-actu.com\">GIE R\u00e9seau des CERC<\/a><\/p>\n\n\n\n<figure class=\"wp-block-image\"><img loading=\"lazy\" decoding=\"async\" width=\"686\" height=\"674\" src=\"https:\/\/cerc-bfc.fr\/wp-content\/uploads\/2020\/01\/Carte-r\u00e9seau-des-cerc.png\" alt=\"\" class=\"wp-image-93\" srcset=\"https:\/\/cerc-bfc.fr\/wp-content\/uploads\/2020\/01\/Carte-r\u00e9seau-des-cerc.png 686w, https:\/\/cerc-bfc.fr\/wp-content\/uploads\/2020\/01\/Carte-r\u00e9seau-des-cerc-300x295.png 300w, https:\/\/cerc-bfc.fr\/wp-content\/uploads\/2020\/01\/Carte-r\u00e9seau-des-cerc-275x270.png 275w\" sizes=\"auto, (max-width: 686px) 100vw, 686px\" \/><\/figure>\n","protected":false},"excerpt":{"rendered":"<p>Un r\u00e9seau&nbsp;pr\u00e9sent sur tout le territoire Les CERC, Observatoires r\u00e9gionaux de la fili\u00e8re Construction,&nbsp;produisent de l\u2019aide \u00e0 la d\u00e9cision pour un partenariat large d\u2019acteurs locaux : actualit\u00e9, analyse, suivi des march\u00e9s, prospective, veille \u00e9conomique, mesure de l\u2019impact des politiques publiques\u2026 Un cadre national, la&nbsp;charte des CERC 2012-2018&#8230;&nbsp;La strat\u00e9gie du r\u00e9seau permet de disposer, au travers des CERC, d\u2019une v\u00e9ritable vision \u00e0 long terme de la fili\u00e8re Construction, au plan national comme local en assurant la coh\u00e9rence entre les \u00e9chelons Un&#8230;<\/p>\n<p class=\"read-more\"><a class=\"btn btn-default\" href=\"https:\/\/cerc-bfc.fr\/index.php\/le-gie-reseau-des-cerc\/\">Lire la suite<span class=\"screen-reader-text\"> Lire la suite<\/span><\/a><\/p>\n","protected":false},"author":2,"featured_media":0,"parent":0,"menu_order":0,"comment_status":"closed","ping_status":"closed","template":"","meta":{"footnotes":""},"class_list":["post-86","page","type-page","status-publish","hentry"],"_links":{"self":[{"href":"https:\/\/cerc-bfc.fr\/index.php\/wp-json\/wp\/v2\/pages\/86","targetHints":{"allow":["GET"]}}],"collection":[{"href":"https:\/\/cerc-bfc.fr\/index.php\/wp-json\/wp\/v2\/pages"}],"about":[{"href":"https:\/\/cerc-bfc.fr\/index.php\/wp-json\/wp\/v2\/types\/page"}],"author":[{"embeddable":true,"href":"https:\/\/cerc-bfc.fr\/index.php\/wp-json\/wp\/v2\/users\/2"}],"replies":[{"embeddable":true,"href":"https:\/\/cerc-bfc.fr\/index.php\/wp-json\/wp\/v2\/comments?post=86"}],"version-history":[{"count":5,"href":"https:\/\/cerc-bfc.fr\/index.php\/wp-json\/wp\/v2\/pages\/86\/revisions"}],"predecessor-version":[{"id":97,"href":"https:\/\/cerc-bfc.fr\/index.php\/wp-json\/wp\/v2\/pages\/86\/revisions\/97"}],"wp:attachment":[{"href":"https:\/\/cerc-bfc.fr\/index.php\/wp-json\/wp\/v2\/media?parent=86"}],"curies":[{"name":"wp","href":"https:\/\/api.w.org\/{rel}","templated":true}]}}